{"id":8,"date":"2023-05-18T14:36:27","date_gmt":"2023-05-18T07:36:27","guid":{"rendered":"https:\/\/web312.vungtauweb.com\/?page_id=8"},"modified":"2023-05-19T12:33:11","modified_gmt":"2023-05-19T05:33:11","slug":"trang-chu","status":"publish","type":"page","link":"https:\/\/web312.vungtauweb.com\/","title":{"rendered":"Trang ch\u1ee7"},"content":{"rendered":"<div class=\"slider-wrapper relative\" id=\"slider-1151674159\" >\n    <div class=\"slider slider-nav-circle slider-nav-large slider-nav-light slider-style-normal\"\n        data-flickity-options='{\n            \"cellAlign\": \"center\",\n            \"imagesLoaded\": true,\n            \"lazyLoad\": 1,\n            \"freeScroll\": false,\n            \"wrapAround\": true,\n            \"autoPlay\": 6000,\n            \"pauseAutoPlayOnHover\" : true,\n            \"prevNextButtons\": true,\n            \"contain\" : true,\n            \"adaptiveHeight\" : true,\n            \"dragThreshold\" : 10,\n            \"percentPosition\": true,\n            \"pageDots\": true,\n            \"rightToLeft\": false,\n            \"draggable\": true,\n            \"selectedAttraction\": 0.1,\n            \"parallax\" : 0,\n            \"friction\": 0.6        }'\n        >\n        \n\t<div class=\"img has-hover x md-x lg-x y md-y lg-y\" id=\"image_1862525395\">\n\t\t\t\t\t\t\t\t<div class=\"img-inner dark\" >\n\t\t\t<img loading=\"lazy\" decoding=\"async\" width=\"2560\" height=\"1218\" src=\"https:\/\/web312.vungtauweb.com\/wp-content\/uploads\/2023\/05\/banner-1-scaled.jpg\" class=\"attachment-original size-original\" alt=\"\" srcset=\"https:\/\/web312.vungtauweb.com\/wp-content\/uploads\/2023\/05\/banner-1-scaled.jpg 2560w, https:\/\/web312.vungtauweb.com\/wp-content\/uploads\/2023\/05\/banner-1-300x143.jpg 300w, https:\/\/web312.vungtauweb.com\/wp-content\/uploads\/2023\/05\/banner-1-1024x487.jpg 1024w, https:\/\/web312.vungtauweb.com\/wp-content\/uploads\/2023\/05\/banner-1-768x365.jpg 768w, https:\/\/web312.vungtauweb.com\/wp-content\/uploads\/2023\/05\/banner-1-1536x731.jpg 1536w, https:\/\/web312.vungtauweb.com\/wp-content\/uploads\/2023\/05\/banner-1-2048x975.jpg 2048w\" sizes=\"auto, (max-width: 2560px) 100vw, 2560px\" \/>\t\t\t\t\t\t\n\t\t\t\t\t<\/div>\n\t\t\t\t\t\t\t\t\n<style>\n#image_1862525395 {\n  width: 100%;\n}\n<\/style>\n\t<\/div>\n\t\n\t<div class=\"img has-hover x md-x lg-x y md-y lg-y\" id=\"image_936520603\">\n\t\t\t\t\t\t\t\t<div class=\"img-inner dark\" >\n\t\t\t<img loading=\"lazy\" decoding=\"async\" width=\"2560\" height=\"1218\" src=\"https:\/\/web312.vungtauweb.com\/wp-content\/uploads\/2023\/05\/banner-2-scaled.jpg\" class=\"attachment-original size-original\" alt=\"\" srcset=\"https:\/\/web312.vungtauweb.com\/wp-content\/uploads\/2023\/05\/banner-2-scaled.jpg 2560w, https:\/\/web312.vungtauweb.com\/wp-content\/uploads\/2023\/05\/banner-2-300x143.jpg 300w, https:\/\/web312.vungtauweb.com\/wp-content\/uploads\/2023\/05\/banner-2-1024x487.jpg 1024w, https:\/\/web312.vungtauweb.com\/wp-content\/uploads\/2023\/05\/banner-2-768x365.jpg 768w, https:\/\/web312.vungtauweb.com\/wp-content\/uploads\/2023\/05\/banner-2-1536x731.jpg 1536w, https:\/\/web312.vungtauweb.com\/wp-content\/uploads\/2023\/05\/banner-2-2048x975.jpg 2048w\" sizes=\"auto, (max-width: 2560px) 100vw, 2560px\" \/>\t\t\t\t\t\t\n\t\t\t\t\t<\/div>\n\t\t\t\t\t\t\t\t\n<style>\n#image_936520603 {\n  width: 100%;\n}\n<\/style>\n\t<\/div>\n\t\n     <\/div>\n\n     <div class=\"loading-spin dark large centered\"><\/div>\n\n\t<\/div>\n\n\n\t<section class=\"section\" id=\"section_176490140\">\n\t\t<div class=\"bg section-bg fill bg-fill  \" >\n\n\t\t\t\n\t\t\t\n\t\t\t\n\n\t\t<\/div>\n\n\t\t\n\n\t\t<div class=\"section-content relative\">\n\t\t\t\n\t<div id=\"text-3462092809\" class=\"text\">\n\t\t\n<h2><span style=\"color: #3d335d;\">T\u1ea1i sao n\u00ean tham gia l\u1edbp v\u1ebd M\u1ef9 thu\u1eadt<\/span><\/h2>\n<p><span style=\"color: #7c6f90;\">Kh\u00f4ng c\u1ea7n n\u0103ng khi\u1ebfu, kh\u00f4ng c\u1ea7n tr\u00ecnh \u0111\u1ed9<\/span><br \/><span style=\"color: #7c6f90;\">\u0111\u1ebfn v\u1edbi ch\u00fang m\u00ecnh \u0111\u1ec3 \u0111\u01b0\u1ee3c h\u01b0\u1edbng d\u1eabn t\u1eeb nh\u1eefng b\u01b0\u1edbc c\u1ea7m c\u1ecd \u0111\u1ea7u ti\u00ean<\/span><\/p>\n\t\t\n<style>\n#text-3462092809 {\n  text-align: center;\n}\n<\/style>\n\t<\/div>\n\t\n<div class=\"row\"  id=\"row-473275108\">\n\n\t<div id=\"col-355763785\" class=\"col stat1 stats medium-4 small-12 large-4\"  >\n\t\t\t\t<div class=\"col-inner text-center\"  >\n\t\t\t\n\t\t\t\n\n<p>H\u1ecdc vi\u00ean<\/p>\n<p class=\"count-exp\"><span class=\"count-number count-up\">1500<\/span><span> +<\/span><\/p>\n\n\t\t<\/div>\n\t\t\t\t\t<\/div>\n\n\t\n\n\t<div id=\"col-1496615257\" class=\"col stat2 stats medium-4 small-12 large-4\"  >\n\t\t\t\t<div class=\"col-inner text-center\"  >\n\t\t\t\n\t\t\t\n\n<p>Kh\u00f3a h\u1ecdc<\/p>\n<p class=\"count-exp\"><span class=\"count-number count-up\">10911<\/span><span> +<\/span><\/p>\n\n\t\t<\/div>\n\t\t\t\t\t<\/div>\n\n\t\n\n\t<div id=\"col-1489035015\" class=\"col stat3 stats medium-4 small-12 large-4\"  >\n\t\t\t\t<div class=\"col-inner text-center\"  >\n\t\t\t\n\t\t\t\n\n<p>Gi\u00e1o vi\u00ean<\/p>\n<p class=\"count-exp\"><span class=\"count-number count-up\">122<\/span><span> +<\/span><\/p>\n\n\t\t<\/div>\n\t\t\t\t\t<\/div>\n\n\t\n<\/div>\n\t\t<\/div>\n\n\t\t\n<style>\n#section_176490140 {\n  padding-top: 30px;\n  padding-bottom: 30px;\n}\n#section_176490140 .section-bg.bg-loaded {\n  background-image: url(https:\/\/web312.vungtauweb.com\/wp-content\/uploads\/2023\/05\/stats_bg.png);\n}\n<\/style>\n\t<\/section>\n\t\n\t<section class=\"section\" id=\"section_532342476\">\n\t\t<div class=\"bg section-bg fill bg-fill  bg-loaded\" >\n\n\t\t\t\n\t\t\t\n\t\t\t\n\n\t\t<\/div>\n\n\t\t\n\n\t\t<div class=\"section-content relative\">\n\t\t\t\n<div class=\"row\"  id=\"row-79922606\">\n\n\t<div id=\"col-1103017395\" class=\"col medium-6 small-12 large-6\"  >\n\t\t\t\t<div class=\"col-inner\"  >\n\t\t\t\n\t\t\t\n\n  <div class=\"banner has-hover\" id=\"banner-815510137\">\n          <div class=\"banner-inner fill\">\n        <div class=\"banner-bg fill\" >\n            <div class=\"bg fill bg-fill \"><\/div>\n                                    \n                    <\/div>\n\t\t\n        <div class=\"banner-layers container\">\n            <div class=\"fill banner-link\"><\/div>            \n   <div id=\"text-box-992658992\" class=\"text-box banner-layer x50 md-x50 lg-x50 y50 md-y50 lg-y50 res-text\">\n                                <div class=\"text-box-content text dark\">\n              \n              <div class=\"text-inner text-center\">\n                  \n<p>Kh\u00f3a h\u1ecdc<\/p>\n<h3>Cho Ng\u01b0\u1eddi L\u1edbn<\/h3>\n<a class=\"button primary lowercase\"  style=\"border-radius:99px;\">\n    <span>T\u00ecm hi\u1ec3u th\u00eam<\/span>\n  <i class=\"icon-angle-right\" aria-hidden=\"true\" ><\/i><\/a>\n\n              <\/div>\n           <\/div>\n                            \n<style>\n#text-box-992658992 {\n  width: 100%;\n}\n#text-box-992658992 .text-box-content {\n  font-size: 150%;\n}\n<\/style>\n    <\/div>\n \n        <\/div>\n      <\/div>\n\n              <div class=\"height-fix is-invisible\"><img loading=\"lazy\" decoding=\"async\" width=\"856\" height=\"450\" src=\"https:\/\/web312.vungtauweb.com\/wp-content\/uploads\/2023\/05\/banner-khoa-hoc.jpg\" class=\"attachment-original size-original\" alt=\"\" srcset=\"https:\/\/web312.vungtauweb.com\/wp-content\/uploads\/2023\/05\/banner-khoa-hoc.jpg 856w, https:\/\/web312.vungtauweb.com\/wp-content\/uploads\/2023\/05\/banner-khoa-hoc-300x158.jpg 300w, https:\/\/web312.vungtauweb.com\/wp-content\/uploads\/2023\/05\/banner-khoa-hoc-768x404.jpg 768w\" sizes=\"auto, (max-width: 856px) 100vw, 856px\" \/><\/div>\n            \n<style>\n#banner-815510137 .bg.bg-loaded {\n  background-image: url(https:\/\/web312.vungtauweb.com\/wp-content\/uploads\/2023\/05\/banner-khoa-hoc.jpg);\n}\n<\/style>\n  <\/div>\n\n\n\t\t<\/div>\n\t\t\t\t\t<\/div>\n\n\t\n\n\t<div id=\"col-1776031580\" class=\"col medium-6 small-12 large-6\"  >\n\t\t\t\t<div class=\"col-inner\"  >\n\t\t\t\n\t\t\t\n\n  <div class=\"banner has-hover\" id=\"banner-110629193\">\n          <div class=\"banner-inner fill\">\n        <div class=\"banner-bg fill\" >\n            <div class=\"bg fill bg-fill \"><\/div>\n                                    \n                    <\/div>\n\t\t\n        <div class=\"banner-layers container\">\n            <div class=\"fill banner-link\"><\/div>            \n   <div id=\"text-box-1170923900\" class=\"text-box banner-layer x50 md-x50 lg-x50 y50 md-y50 lg-y50 res-text\">\n                                <div class=\"text-box-content text dark\">\n              \n              <div class=\"text-inner text-center\">\n                  \n<p>Kh\u00f3a h\u1ecdc<\/p>\n<h3>Cho Tr\u1ebb Em<\/h3>\n<a class=\"button primary lowercase\"  style=\"border-radius:99px;\">\n    <span>T\u00ecm hi\u1ec3u th\u00eam<\/span>\n  <i class=\"icon-angle-right\" aria-hidden=\"true\" ><\/i><\/a>\n\n              <\/div>\n           <\/div>\n                            \n<style>\n#text-box-1170923900 {\n  width: 100%;\n}\n#text-box-1170923900 .text-box-content {\n  font-size: 150%;\n}\n<\/style>\n    <\/div>\n \n        <\/div>\n      <\/div>\n\n              <div class=\"height-fix is-invisible\"><img loading=\"lazy\" decoding=\"async\" width=\"856\" height=\"450\" src=\"https:\/\/web312.vungtauweb.com\/wp-content\/uploads\/2023\/05\/banner-khoa-hoc-2.jpg\" class=\"attachment-original size-original\" alt=\"\" srcset=\"https:\/\/web312.vungtauweb.com\/wp-content\/uploads\/2023\/05\/banner-khoa-hoc-2.jpg 856w, https:\/\/web312.vungtauweb.com\/wp-content\/uploads\/2023\/05\/banner-khoa-hoc-2-300x158.jpg 300w, https:\/\/web312.vungtauweb.com\/wp-content\/uploads\/2023\/05\/banner-khoa-hoc-2-768x404.jpg 768w\" sizes=\"auto, (max-width: 856px) 100vw, 856px\" \/><\/div>\n            \n<style>\n#banner-110629193 .bg.bg-loaded {\n  background-image: url(https:\/\/web312.vungtauweb.com\/wp-content\/uploads\/2023\/05\/banner-khoa-hoc-2.jpg);\n}\n<\/style>\n  <\/div>\n\n\n\t\t<\/div>\n\t\t\t\t\t<\/div>\n\n\t\n<\/div>\n\t\t<\/div>\n\n\t\t\n<style>\n#section_532342476 {\n  padding-top: 30px;\n  padding-bottom: 30px;\n}\n<\/style>\n\t<\/section>\n\t\n\t<section class=\"section ss-news\" id=\"section_1550258073\">\n\t\t<div class=\"bg section-bg fill bg-fill  bg-loaded\" >\n\n\t\t\t\n\t\t\t\n\t\t\t\n\n\t\t<\/div>\n\n\t\t\n\n\t\t<div class=\"section-content relative\">\n\t\t\t\n<div class=\"container section-title-container\" ><h2 class=\"section-title section-title-center\"><b><\/b><span class=\"section-title-main\" >Tin t\u1ee9c v\u00e0 S\u1ef1 ki\u1ec7n<\/span><b><\/b><\/h2><\/div>\n\n  \n    <div class=\"row large-columns-3 medium-columns-1 small-columns-1 slider row-slider slider-nav-reveal slider-nav-push\"  data-flickity-options='{\"imagesLoaded\": true, \"groupCells\": \"100%\", \"dragThreshold\" : 5, \"cellAlign\": \"left\",\"wrapAround\": true,\"prevNextButtons\": true,\"percentPosition\": true,\"pageDots\": false, \"rightToLeft\": false, \"autoPlay\" : false}' >\n\n  <div class=\"col post-item\" >\n\t\t\t<div class=\"col-inner\">\n\t\t\t\t<div class=\"box box-normal box-text-bottom box-blog-post has-hover\">\n            \t\t\t\t\t<div class=\"box-image\" >\n  \t\t\t\t\t\t<div class=\"image-zoom image-cover\" style=\"padding-top:56.25%;\">\n\t\t\t\t\t\t\t<a href=\"https:\/\/web312.vungtauweb.com\/index.php\/2023\/05\/18\/chum-anh-pha-vo-rao-can-giua-tranh-ve-va-thuc-te-khien-ai-cung-phai-tram-tro-than-phuc\/\" class=\"plain\" aria-label=\"Ch\u00f9m \u1ea3nh ph\u00e1 v\u1ee1 r\u00e0o c\u1ea3n gi\u1eefa tranh v\u1ebd v\u00e0 th\u1ef1c t\u1ebf khi\u1ebfn ai c\u0169ng ph\u1ea3i tr\u1ea7m tr\u1ed3 th\u00e1n ph\u1ee5c\">\n\t\t\t\t\t\t\t\t<img loading=\"lazy\" decoding=\"async\" width=\"640\" height=\"751\" src=\"https:\/\/web312.vungtauweb.com\/wp-content\/uploads\/2023\/05\/photo-9-1570540997213246233904.webp\" class=\"attachment-original size-original wp-post-image\" alt=\"\" srcset=\"https:\/\/web312.vungtauweb.com\/wp-content\/uploads\/2023\/05\/photo-9-1570540997213246233904.webp 640w, https:\/\/web312.vungtauweb.com\/wp-content\/uploads\/2023\/05\/photo-9-1570540997213246233904-256x300.webp 256w\" sizes=\"auto, (max-width: 640px) 100vw, 640px\" \/>\t\t\t\t\t\t\t<\/a>\n  \t\t\t\t\t\t\t  \t\t\t\t\t\t\t  \t\t\t\t\t\t<\/div>\n  \t\t\t\t\t\t  \t\t\t\t\t<\/div>\n          \t\t\t\t\t<div class=\"box-text text-left\" >\n\t\t\t\t\t<div class=\"box-text-inner blog-post-inner\">\n\n\t\t\t\t\t\n\t\t\t\t\t\t\t\t\t\t<h5 class=\"post-title is-large \">\n\t\t\t\t\t\t<a href=\"https:\/\/web312.vungtauweb.com\/index.php\/2023\/05\/18\/chum-anh-pha-vo-rao-can-giua-tranh-ve-va-thuc-te-khien-ai-cung-phai-tram-tro-than-phuc\/\" class=\"plain\">Ch\u00f9m \u1ea3nh ph\u00e1 v\u1ee1 r\u00e0o c\u1ea3n gi\u1eefa tranh v\u1ebd v\u00e0 th\u1ef1c t\u1ebf khi\u1ebfn ai c\u0169ng ph\u1ea3i tr\u1ea7m tr\u1ed3 th\u00e1n ph\u1ee5c<\/a>\n\t\t\t\t\t<\/h5>\n\t\t\t\t\t\t\t\t\t\t<div class=\"is-divider\"><\/div>\n\t\t\t\t\t\t\t\t\t\t<p class=\"from_the_blog_excerpt \">B\u1eb1ng c\u00e1ch k\u1ebft h\u1ee3p c\u00e1c v\u1eadt d\u1ee5ng ngo\u00e0i \u0111\u1eddi th\u1ef1c nh\u01b0 b\u00fat ch\u00ec, b\u1eadt l\u1eeda,...\t\t\t\t\t<\/p>\n\t\t\t\t\t                    \n\t\t\t\t\t\n\t\t\t\t\t\n\t\t\t\t\t<\/div>\n\t\t\t\t\t<\/div>\n\t\t\t\t\t\t\t\t\t<\/div>\n\t\t\t<\/div>\n\t\t<\/div><div class=\"col post-item\" >\n\t\t\t<div class=\"col-inner\">\n\t\t\t\t<div class=\"box box-normal box-text-bottom box-blog-post has-hover\">\n            \t\t\t\t\t<div class=\"box-image\" >\n  \t\t\t\t\t\t<div class=\"image-zoom image-cover\" style=\"padding-top:56.25%;\">\n\t\t\t\t\t\t\t<a href=\"https:\/\/web312.vungtauweb.com\/index.php\/2023\/05\/18\/soc-voi-tranh-ve-cua-nguoi-dien\/\" class=\"plain\" aria-label=\"S\u1ed1c v\u1edbi tranh v\u1ebd c\u1ee7a &#8220;ng\u01b0\u1eddi \u0111i\u00ean&#8221;\">\n\t\t\t\t\t\t\t\t<img loading=\"lazy\" decoding=\"async\" width=\"684\" height=\"716\" src=\"https:\/\/web312.vungtauweb.com\/wp-content\/uploads\/2023\/05\/img-9454-16801647870901767483529.jpg\" class=\"attachment-original size-original wp-post-image\" alt=\"\" srcset=\"https:\/\/web312.vungtauweb.com\/wp-content\/uploads\/2023\/05\/img-9454-16801647870901767483529.jpg 684w, https:\/\/web312.vungtauweb.com\/wp-content\/uploads\/2023\/05\/img-9454-16801647870901767483529-287x300.jpg 287w\" sizes=\"auto, (max-width: 684px) 100vw, 684px\" \/>\t\t\t\t\t\t\t<\/a>\n  \t\t\t\t\t\t\t  \t\t\t\t\t\t\t  \t\t\t\t\t\t<\/div>\n  \t\t\t\t\t\t  \t\t\t\t\t<\/div>\n          \t\t\t\t\t<div class=\"box-text text-left\" >\n\t\t\t\t\t<div class=\"box-text-inner blog-post-inner\">\n\n\t\t\t\t\t\n\t\t\t\t\t\t\t\t\t\t<h5 class=\"post-title is-large \">\n\t\t\t\t\t\t<a href=\"https:\/\/web312.vungtauweb.com\/index.php\/2023\/05\/18\/soc-voi-tranh-ve-cua-nguoi-dien\/\" class=\"plain\">S\u1ed1c v\u1edbi tranh v\u1ebd c\u1ee7a &#8220;ng\u01b0\u1eddi \u0111i\u00ean&#8221;<\/a>\n\t\t\t\t\t<\/h5>\n\t\t\t\t\t\t\t\t\t\t<div class=\"is-divider\"><\/div>\n\t\t\t\t\t\t\t\t\t\t<p class=\"from_the_blog_excerpt \">T\u1ef1 nh\u1eadn m\u00ecnh l\u00e0 &#8220;ng\u01b0\u1eddi \u0111i\u00ean&#8221;, h\u1ecda s\u0129 \u0110o\u00e0n Nguy\u00ean \u0111ang g\u00e2y ch\u00fa \u00fd tr\u00ean...\t\t\t\t\t<\/p>\n\t\t\t\t\t                    \n\t\t\t\t\t\n\t\t\t\t\t\n\t\t\t\t\t<\/div>\n\t\t\t\t\t<\/div>\n\t\t\t\t\t\t\t\t\t<\/div>\n\t\t\t<\/div>\n\t\t<\/div><div class=\"col post-item\" >\n\t\t\t<div class=\"col-inner\">\n\t\t\t\t<div class=\"box box-normal box-text-bottom box-blog-post has-hover\">\n            \t\t\t\t\t<div class=\"box-image\" >\n  \t\t\t\t\t\t<div class=\"image-zoom image-cover\" style=\"padding-top:56.25%;\">\n\t\t\t\t\t\t\t<a href=\"https:\/\/web312.vungtauweb.com\/index.php\/2023\/05\/18\/thi-ve-tranh-di-san-van-hoa-viet-nam-qua-hoi-hoa-gianh-giai-thuong-100-trieu\/\" class=\"plain\" aria-label=\"Thi v\u1ebd tranh &#8216;Di s\u1ea3n v\u0103n h\u00f3a Vi\u1ec7t Nam qua h\u1ed9i h\u1ecda&#8217; gi\u00e0nh gi\u1ea3i th\u01b0\u1edfng 100 tri\u1ec7u\">\n\t\t\t\t\t\t\t\t<img loading=\"lazy\" decoding=\"async\" width=\"720\" height=\"431\" src=\"https:\/\/web312.vungtauweb.com\/wp-content\/uploads\/2023\/05\/ve-tranh-di-san-2-1-14282543.jpg\" class=\"attachment-original size-original wp-post-image\" alt=\"\" srcset=\"https:\/\/web312.vungtauweb.com\/wp-content\/uploads\/2023\/05\/ve-tranh-di-san-2-1-14282543.jpg 720w, https:\/\/web312.vungtauweb.com\/wp-content\/uploads\/2023\/05\/ve-tranh-di-san-2-1-14282543-300x180.jpg 300w\" sizes=\"auto, (max-width: 720px) 100vw, 720px\" \/>\t\t\t\t\t\t\t<\/a>\n  \t\t\t\t\t\t\t  \t\t\t\t\t\t\t  \t\t\t\t\t\t<\/div>\n  \t\t\t\t\t\t  \t\t\t\t\t<\/div>\n          \t\t\t\t\t<div class=\"box-text text-left\" >\n\t\t\t\t\t<div class=\"box-text-inner blog-post-inner\">\n\n\t\t\t\t\t\n\t\t\t\t\t\t\t\t\t\t<h5 class=\"post-title is-large \">\n\t\t\t\t\t\t<a href=\"https:\/\/web312.vungtauweb.com\/index.php\/2023\/05\/18\/thi-ve-tranh-di-san-van-hoa-viet-nam-qua-hoi-hoa-gianh-giai-thuong-100-trieu\/\" class=\"plain\">Thi v\u1ebd tranh &#8216;Di s\u1ea3n v\u0103n h\u00f3a Vi\u1ec7t Nam qua h\u1ed9i h\u1ecda&#8217; gi\u00e0nh gi\u1ea3i th\u01b0\u1edfng 100 tri\u1ec7u<\/a>\n\t\t\t\t\t<\/h5>\n\t\t\t\t\t\t\t\t\t\t<div class=\"is-divider\"><\/div>\n\t\t\t\t\t\t\t\t\t\t<p class=\"from_the_blog_excerpt \">Ng\u01b0\u1eddi chi\u1ebfn th\u1eafng s\u1ebd nh\u1eadn gi\u1ea3i th\u01b0\u1edfng cao nh\u1ea5t l\u00ean t\u1edbi 100 tri\u1ec7u \u0111\u1ed3ng v\u00e0...\t\t\t\t\t<\/p>\n\t\t\t\t\t                    \n\t\t\t\t\t\n\t\t\t\t\t\n\t\t\t\t\t<\/div>\n\t\t\t\t\t<\/div>\n\t\t\t\t\t\t\t\t\t<\/div>\n\t\t\t<\/div>\n\t\t<\/div><\/div>\n\t<div id=\"stack-266291082\" class=\"stack stack-row justify-center items-stretch\">\n\t\t\n<a href=\"\/tin-tuc\/\" target=\"_self\" class=\"button primary lowercase\"  style=\"border-radius:99px;\">\n    <span>Xem th\u00eam<\/span>\n  <i class=\"icon-angle-right\" aria-hidden=\"true\" ><\/i><\/a>\n\n\t\t\n<style>\n#stack-266291082 > * {\n  --stack-gap: 0rem;\n}\n<\/style>\n\t<\/div>\n\t\n\t\t<\/div>\n\n\t\t\n<style>\n#section_1550258073 {\n  padding-top: 30px;\n  padding-bottom: 30px;\n}\n<\/style>\n\t<\/section>\n\t\n\t<section class=\"section ss-newsletter dark\" id=\"section_177534171\">\n\t\t<div class=\"bg section-bg fill bg-fill  bg-loaded\" >\n\n\t\t\t\n\t\t\t\n\t\t\t\n\n\t\t<\/div>\n\n\t\t\n\n\t\t<div class=\"section-content relative\">\n\t\t\t\n<div class=\"row row-full-width align-middle\"  id=\"row-1162310005\">\n\n\t<div id=\"col-1651089138\" class=\"col pb-0 medium-2 small-6 large-2\"  >\n\t\t\t\t<div class=\"col-inner\"  >\n\t\t\t\n\t\t\t\n\t<div class=\"img has-hover x md-x lg-x y md-y lg-y\" id=\"image_598823995\">\n\t\t\t\t\t\t\t\t<div class=\"img-inner dark\" >\n\t\t\t<img loading=\"lazy\" decoding=\"async\" width=\"238\" height=\"97\" src=\"https:\/\/web312.vungtauweb.com\/wp-content\/uploads\/2023\/05\/white-cloud.png\" class=\"attachment-original size-original\" alt=\"\" \/>\t\t\t\t\t\t\n\t\t\t\t\t<\/div>\n\t\t\t\t\t\t\t\t\n<style>\n#image_598823995 {\n  width: 100%;\n}\n<\/style>\n\t<\/div>\n\t\n\t\t<\/div>\n\t\t\t\t\t<\/div>\n\n\t\n\n\t<div id=\"col-59902517\" class=\"col pb-0 medium-2 small-6 large-2\"  >\n\t\t\t\t<div class=\"col-inner\"  >\n\t\t\t\n\t\t\t\n\t<div class=\"img has-hover x md-x lg-x y md-y lg-y\" id=\"image_1722093492\">\n\t\t\t\t\t\t\t\t<div class=\"img-inner dark\" >\n\t\t\t<img loading=\"lazy\" decoding=\"async\" width=\"342\" height=\"286\" src=\"https:\/\/web312.vungtauweb.com\/wp-content\/uploads\/2023\/05\/calltoaction.png\" class=\"attachment-original size-original\" alt=\"\" srcset=\"https:\/\/web312.vungtauweb.com\/wp-content\/uploads\/2023\/05\/calltoaction.png 342w, https:\/\/web312.vungtauweb.com\/wp-content\/uploads\/2023\/05\/calltoaction-300x251.png 300w\" sizes=\"auto, (max-width: 342px) 100vw, 342px\" \/>\t\t\t\t\t\t\n\t\t\t\t\t<\/div>\n\t\t\t\t\t\t\t\t\n<style>\n#image_1722093492 {\n  width: 100%;\n}\n<\/style>\n\t<\/div>\n\t\n\t\t<\/div>\n\t\t\t\t\t<\/div>\n\n\t\n\n\t<div id=\"col-1215824293\" class=\"col pb-0 medium-2 small-12 large-2\"  >\n\t\t\t\t<div class=\"col-inner\"  >\n\t\t\t\n\t\t\t\n\t\t<\/div>\n\t\t\t\t\t<\/div>\n\n\t\n\n\t<div id=\"col-514193100\" class=\"col pb-0 medium-4 small-6 large-4\"  >\n\t\t\t\t<div class=\"col-inner\"  >\n\t\t\t\n\t\t\t\n\n<div class=\"wpcf7 no-js\" id=\"wpcf7-f121-o1\" lang=\"vi\" dir=\"ltr\">\n<div class=\"screen-reader-response\"><p role=\"status\" aria-live=\"polite\" aria-atomic=\"true\"><\/p> <ul><\/ul><\/div>\n<form action=\"\/index.php\/wp-json\/wp\/v2\/pages\/8#wpcf7-f121-o1\" method=\"post\" class=\"wpcf7-form init\" aria-label=\"Form li\u00ean h\u1ec7\" novalidate=\"novalidate\" data-status=\"init\">\n<div style=\"display: none;\">\n<input type=\"hidden\" name=\"_wpcf7\" value=\"121\" \/>\n<input type=\"hidden\" name=\"_wpcf7_version\" value=\"5.7.7\" \/>\n<input type=\"hidden\" name=\"_wpcf7_locale\" value=\"vi\" \/>\n<input type=\"hidden\" name=\"_wpcf7_unit_tag\" value=\"wpcf7-f121-o1\" \/>\n<input type=\"hidden\" name=\"_wpcf7_container_post\" value=\"0\" \/>\n<input type=\"hidden\" name=\"_wpcf7_posted_data_hash\" value=\"\" \/>\n<\/div>\n<div class=\"form-flat\"><span class=\"wpcf7-form-control-wrap\" data-name=\"your-email\"><input size=\"40\" class=\"wpcf7-form-control wpcf7-text wpcf7-email wpcf7-validates-as-required wpcf7-validates-as-email\" aria-required=\"true\" aria-invalid=\"false\" placeholder=\"Email\" value=\"\" type=\"email\" name=\"your-email\" \/><\/span><input class=\"wpcf7-form-control has-spinner wpcf7-submit button\" type=\"submit\" value=\"\u0110\u0103ng k\u00fd\" \/><\/div><div class=\"wpcf7-response-output\" aria-hidden=\"true\"><\/div>\n<\/form>\n<\/div>\n\n\t\t<\/div>\n\t\t\t\t\t<\/div>\n\n\t\n\n\t<div id=\"col-975408854\" class=\"col pb-0 medium-2 small-6 large-2\"  >\n\t\t\t\t<div class=\"col-inner\"  >\n\t\t\t\n\t\t\t\n\t<div class=\"img has-hover x md-x lg-x y md-y lg-y\" id=\"image_474783799\">\n\t\t\t\t\t\t\t\t<div class=\"img-inner dark\" >\n\t\t\t<img loading=\"lazy\" decoding=\"async\" width=\"238\" height=\"97\" src=\"https:\/\/web312.vungtauweb.com\/wp-content\/uploads\/2023\/05\/white-cloud.png\" class=\"attachment-original size-original\" alt=\"\" \/>\t\t\t\t\t\t\n\t\t\t\t\t<\/div>\n\t\t\t\t\t\t\t\t\n<style>\n#image_474783799 {\n  width: 100%;\n}\n<\/style>\n\t<\/div>\n\t\n\t\t<\/div>\n\t\t\t\t\t<\/div>\n\n\t\n<\/div>\n\t\t<\/div>\n\n\t\t\n<style>\n#section_177534171 {\n  padding-top: 30px;\n  padding-bottom: 30px;\n  background-color: rgb(0, 146, 184);\n}\n<\/style>\n\t<\/section>\n\t\n","protected":false},"excerpt":{"rendered":"","protected":false},"author":1,"featured_media":0,"parent":0,"menu_order":0,"comment_status":"closed","ping_status":"closed","template":"page-blank.php","meta":{"footnotes":""},"class_list":["post-8","page","type-page","status-publish","hentry"],"_links":{"self":[{"href":"https:\/\/web312.vungtauweb.com\/index.php\/wp-json\/wp\/v2\/pages\/8","targetHints":{"allow":["GET"]}}],"collection":[{"href":"https:\/\/web312.vungtauweb.com\/index.php\/wp-json\/wp\/v2\/pages"}],"about":[{"href":"https:\/\/web312.vungtauweb.com\/index.php\/wp-json\/wp\/v2\/types\/page"}],"author":[{"embeddable":true,"href":"https:\/\/web312.vungtauweb.com\/index.php\/wp-json\/wp\/v2\/users\/1"}],"replies":[{"embeddable":true,"href":"https:\/\/web312.vungtauweb.com\/index.php\/wp-json\/wp\/v2\/comments?post=8"}],"version-history":[{"count":47,"href":"https:\/\/web312.vungtauweb.com\/index.php\/wp-json\/wp\/v2\/pages\/8\/revisions"}],"predecessor-version":[{"id":125,"href":"https:\/\/web312.vungtauweb.com\/index.php\/wp-json\/wp\/v2\/pages\/8\/revisions\/125"}],"wp:attachment":[{"href":"https:\/\/web312.vungtauweb.com\/index.php\/wp-json\/wp\/v2\/media?parent=8"}],"curies":[{"name":"wp","href":"https:\/\/api.w.org\/{rel}","templated":true}]}}